{"id":12,"date":"2016-07-16T21:03:55","date_gmt":"2016-07-16T21:03:55","guid":{"rendered":"http:\/\/www.cncag.ch\/?page_id=12"},"modified":"2018-03-10T11:21:47","modified_gmt":"2018-03-10T11:21:47","slug":"frauen-investments","status":"publish","type":"page","link":"https:\/\/www.cncag.ch\/de\/frauen-investments\/","title":{"rendered":"Frauen Investments"},"content":{"rendered":"<p>Meine Passion ist es, Frauen dabei zu unterst\u00fctzen, mit Elan und Freude die Grenzen dessen zu sprengen, was bisher in Verm\u00f6gensverwaltung und Anlageberatungen m\u00f6glich war. Profitieren Sie dabei von meinem grossen internationalen Netzwerk sowie meiner 35-j\u00e4hrigen Erfahrung als Treuhand-Dienstleisterin in Steuerrecht, Verm\u00f6gensverwaltung, Erbschafts-Angelegenheiten und beim Aufbau von Start-up Firmen.<\/p>\n","protected":false},"excerpt":{"rendered":"<p>Meine Passion ist es, Frauen dabei zu unterst\u00fctzen, mit Elan und Freude die Grenzen dessen zu sprengen, was bisher in Verm\u00f6gensverwaltung und Anlageberatungen m\u00f6glich war. Profitieren Sie dabei von meinem grossen internationalen Netzwerk sowie meiner 35-j\u00e4hrigen Erfahrung als Treuhand-Dienstleisterin in Steuerrecht, Verm\u00f6gensverwaltung, Erbschafts-Angelegenheiten und beim Aufbau von Start-up Firmen.<\/p>\n","protected":false},"author":1,"featured_media":0,"parent":0,"menu_order":0,"comment_status":"closed","ping_status":"closed","template":"page-templates\/servicePage.php","meta":{"_acf_changed":false,"footnotes":""},"acf":[],"yoast_head":"<!-- This site is optimized with the Yoast SEO plugin v22.5 - https:\/\/yoast.com\/wordpress\/plugins\/seo\/ -->\n<title>Wie verm\u00f6gende Frauen ihr Geld anlegen<\/title>\n<meta name=\"description\" content=\"Neue Wege der pers\u00f6nlichen und finanziellen Erf\u00fcllung f\u00fcr Frauen in einer Zeit, in der unser Wirtschaftssystem die Grenzen der Menschlichkeit gesprengt hat.\" \/>\n<meta name=\"robots\" content=\"index, follow, max-snippet:-1, max-image-preview:large, max-video-preview:-1\" \/>\n<link rel=\"canonical\" href=\"https:\/\/www.cncag.ch\/de\/frauen-investments\/\" \/>\n<meta property=\"og:locale\" content=\"de_DE\" \/>\n<meta property=\"og:type\" content=\"article\" \/>\n<meta property=\"og:title\" content=\"Wie verm\u00f6gende Frauen ihr Geld anlegen\" \/>\n<meta property=\"og:description\" content=\"Neue Wege der pers\u00f6nlichen und finanziellen Erf\u00fcllung f\u00fcr Frauen in einer Zeit, in der unser Wirtschaftssystem die Grenzen der Menschlichkeit gesprengt hat.\" \/>\n<meta property=\"og:url\" content=\"https:\/\/www.cncag.ch\/de\/frauen-investments\/\" \/>\n<meta property=\"og:site_name\" content=\"CNC\" \/>\n<meta property=\"article:modified_time\" content=\"2018-03-10T11:21:47+00:00\" \/>\n<meta name=\"twitter:card\" content=\"summary_large_image\" \/>\n<!-- \/ Yoast SEO plugin. -->","yoast_head_json":{"title":"Wie verm\u00f6gende Frauen ihr Geld anlegen","description":"Neue Wege der pers\u00f6nlichen und finanziellen Erf\u00fcllung f\u00fcr Frauen in einer Zeit, in der unser Wirtschaftssystem die Grenzen der Menschlichkeit gesprengt hat.","robots":{"index":"index","follow":"follow","max-snippet":"max-snippet:-1","max-image-preview":"max-image-preview:large","max-video-preview":"max-video-preview:-1"},"canonical":"https:\/\/www.cncag.ch\/de\/frauen-investments\/","og_locale":"de_DE","og_type":"article","og_title":"Wie verm\u00f6gende Frauen ihr Geld anlegen","og_description":"Neue Wege der pers\u00f6nlichen und finanziellen Erf\u00fcllung f\u00fcr Frauen in einer Zeit, in der unser Wirtschaftssystem die Grenzen der Menschlichkeit gesprengt hat.","og_url":"https:\/\/www.cncag.ch\/de\/frauen-investments\/","og_site_name":"CNC","article_modified_time":"2018-03-10T11:21:47+00:00","twitter_card":"summary_large_image","schema":{"@context":"https:\/\/schema.org","@graph":[{"@type":"WebPage","@id":"https:\/\/www.cncag.ch\/en\/frauen-investments\/","url":"https:\/\/www.cncag.ch\/en\/frauen-investments\/","name":"Wie verm\u00f6gende Frauen ihr Geld anlegen","isPartOf":{"@id":"https:\/\/www.cncag.ch\/de\/#website"},"datePublished":"2016-07-16T21:03:55+00:00","dateModified":"2018-03-10T11:21:47+00:00","description":"Neue Wege der pers\u00f6nlichen und finanziellen Erf\u00fcllung f\u00fcr Frauen in einer Zeit, in der unser Wirtschaftssystem die Grenzen der Menschlichkeit gesprengt hat.","breadcrumb":{"@id":"https:\/\/www.cncag.ch\/en\/frauen-investments\/#breadcrumb"},"inLanguage":"de","potentialAction":[{"@type":"ReadAction","target":["https:\/\/www.cncag.ch\/en\/frauen-investments\/"]}]},{"@type":"BreadcrumbList","@id":"https:\/\/www.cncag.ch\/en\/frauen-investments\/#breadcrumb","itemListElement":[{"@type":"ListItem","position":1,"name":"Home","item":"https:\/\/www.cncag.ch\/de\/"},{"@type":"ListItem","position":2,"name":"Frauen Investments"}]},{"@type":"WebSite","@id":"https:\/\/www.cncag.ch\/de\/#website","url":"https:\/\/www.cncag.ch\/de\/","name":"CNC","description":"Internationale Finanzdienstleistungen aus einer Hand","potentialAction":[{"@type":"SearchAction","target":{"@type":"EntryPoint","urlTemplate":"https:\/\/www.cncag.ch\/de\/?s={search_term_string}"},"query-input":"required name=search_term_string"}],"inLanguage":"de"}]}},"_links":{"self":[{"href":"https:\/\/www.cncag.ch\/de\/wp-json\/wp\/v2\/pages\/12"}],"collection":[{"href":"https:\/\/www.cncag.ch\/de\/wp-json\/wp\/v2\/pages"}],"about":[{"href":"https:\/\/www.cncag.ch\/de\/wp-json\/wp\/v2\/types\/page"}],"author":[{"embeddable":true,"href":"https:\/\/www.cncag.ch\/de\/wp-json\/wp\/v2\/users\/1"}],"replies":[{"embeddable":true,"href":"https:\/\/www.cncag.ch\/de\/wp-json\/wp\/v2\/comments?post=12"}],"version-history":[{"count":38,"href":"https:\/\/www.cncag.ch\/de\/wp-json\/wp\/v2\/pages\/12\/revisions"}],"predecessor-version":[{"id":657,"href":"https:\/\/www.cncag.ch\/de\/wp-json\/wp\/v2\/pages\/12\/revisions\/657"}],"wp:attachment":[{"href":"https:\/\/www.cncag.ch\/de\/wp-json\/wp\/v2\/media?parent=12"}],"curies":[{"name":"wp","href":"https:\/\/api.w.org\/{rel}","templated":true}]}}