{"id":18,"date":"2016-07-16T21:04:50","date_gmt":"2016-07-16T21:04:50","guid":{"rendered":"http:\/\/www.cncag.ch\/?page_id=18"},"modified":"2018-02-11T15:26:51","modified_gmt":"2018-02-11T15:26:51","slug":"impressum","status":"publish","type":"page","link":"https:\/\/www.cncag.ch\/de\/impressum\/","title":{"rendered":"Impressum"},"content":{"rendered":"<ul class=\"impressum\">\n<li><strong>Firma:<\/strong> Casa Nova Consulting AG<\/li>\n<li><strong>Postadresse: <\/strong><br \/>\n<address>Alte Steinhauserstrasse 21<br \/>\nCH-6330 Cham<\/address>\n<\/li>\n<li><strong>Telefon: <\/strong>+41 (0) 41 740 34 64<\/li>\n<li><strong>Fax: <\/strong> +41 (0) 41 740 34 65<\/li>\n<li><strong>E-Mail: <\/strong> info@cncag.ch<\/li>\n<li><strong>Sitz der Gesellschaft:<\/strong> Cham (Schweiz)<\/li>\n<li><strong>Gesch\u00e4ftsf\u00fchrung:<\/strong> Frau Sybille Hochd\u00f6rffer<\/li>\n<li><strong>Website: <\/strong><em>\u00a0\u00a0<\/em><em>A. Leuenberger<\/em><\/li>\n<\/ul>\n","protected":false},"excerpt":{"rendered":"<p>Firma: Casa Nova Consulting AG Postadresse: Alte Steinhauserstrasse 21 CH-6330 Cham Telefon: +41 (0) 41 740 34 64 Fax: +41 (0) 41 740 34 65 E-Mail: info@cncag.ch Sitz der Gesellschaft: Cham (Schweiz) Gesch\u00e4ftsf\u00fchrung: Frau Sybille Hochd\u00f6rffer Website: \u00a0\u00a0A. Leuenberger<\/p>\n","protected":false},"author":1,"featured_media":0,"parent":0,"menu_order":0,"comment_status":"closed","ping_status":"closed","template":"","meta":{"_acf_changed":false,"footnotes":""},"acf":[],"yoast_head":"<!-- This site is optimized with the Yoast SEO plugin v22.5 - https:\/\/yoast.com\/wordpress\/plugins\/seo\/ -->\n<title>Impressum - CNC<\/title>\n<meta name=\"robots\" content=\"index, follow, max-snippet:-1, max-image-preview:large, max-video-preview:-1\" \/>\n<link rel=\"canonical\" href=\"https:\/\/www.cncag.ch\/de\/impressum\/\" \/>\n<meta property=\"og:locale\" content=\"de_DE\" \/>\n<meta property=\"og:type\" content=\"article\" \/>\n<meta property=\"og:title\" content=\"Impressum - CNC\" \/>\n<meta property=\"og:description\" content=\"Firma: Casa Nova Consulting AG Postadresse: Alte Steinhauserstrasse 21 CH-6330 Cham Telefon: +41 (0) 41 740 34 64 Fax: +41 (0) 41 740 34 65 E-Mail: info@cncag.ch Sitz der Gesellschaft: Cham (Schweiz) Gesch\u00e4ftsf\u00fchrung: Frau Sybille Hochd\u00f6rffer Website: \u00a0\u00a0A. Leuenberger\" \/>\n<meta property=\"og:url\" content=\"https:\/\/www.cncag.ch\/de\/impressum\/\" \/>\n<meta property=\"og:site_name\" content=\"CNC\" \/>\n<meta property=\"article:modified_time\" content=\"2018-02-11T15:26:51+00:00\" \/>\n<meta name=\"twitter:card\" content=\"summary_large_image\" \/>\n<!-- \/ Yoast SEO plugin. -->","yoast_head_json":{"title":"Impressum - CNC","robots":{"index":"index","follow":"follow","max-snippet":"max-snippet:-1","max-image-preview":"max-image-preview:large","max-video-preview":"max-video-preview:-1"},"canonical":"https:\/\/www.cncag.ch\/de\/impressum\/","og_locale":"de_DE","og_type":"article","og_title":"Impressum - CNC","og_description":"Firma: Casa Nova Consulting AG Postadresse: Alte Steinhauserstrasse 21 CH-6330 Cham Telefon: +41 (0) 41 740 34 64 Fax: +41 (0) 41 740 34 65 E-Mail: info@cncag.ch Sitz der Gesellschaft: Cham (Schweiz) Gesch\u00e4ftsf\u00fchrung: Frau Sybille Hochd\u00f6rffer Website: \u00a0\u00a0A. Leuenberger","og_url":"https:\/\/www.cncag.ch\/de\/impressum\/","og_site_name":"CNC","article_modified_time":"2018-02-11T15:26:51+00:00","twitter_card":"summary_large_image","schema":{"@context":"https:\/\/schema.org","@graph":[{"@type":"WebPage","@id":"https:\/\/www.cncag.ch\/de\/impressum\/","url":"https:\/\/www.cncag.ch\/de\/impressum\/","name":"Impressum - CNC","isPartOf":{"@id":"https:\/\/www.cncag.ch\/de\/#website"},"datePublished":"2016-07-16T21:04:50+00:00","dateModified":"2018-02-11T15:26:51+00:00","breadcrumb":{"@id":"https:\/\/www.cncag.ch\/de\/impressum\/#breadcrumb"},"inLanguage":"de","potentialAction":[{"@type":"ReadAction","target":["https:\/\/www.cncag.ch\/de\/impressum\/"]}]},{"@type":"BreadcrumbList","@id":"https:\/\/www.cncag.ch\/de\/impressum\/#breadcrumb","itemListElement":[{"@type":"ListItem","position":1,"name":"Home","item":"https:\/\/www.cncag.ch\/de\/"},{"@type":"ListItem","position":2,"name":"Impressum"}]},{"@type":"WebSite","@id":"https:\/\/www.cncag.ch\/de\/#website","url":"https:\/\/www.cncag.ch\/de\/","name":"CNC","description":"Internationale Finanzdienstleistungen aus einer Hand","potentialAction":[{"@type":"SearchAction","target":{"@type":"EntryPoint","urlTemplate":"https:\/\/www.cncag.ch\/de\/?s={search_term_string}"},"query-input":"required name=search_term_string"}],"inLanguage":"de"}]}},"_links":{"self":[{"href":"https:\/\/www.cncag.ch\/de\/wp-json\/wp\/v2\/pages\/18"}],"collection":[{"href":"https:\/\/www.cncag.ch\/de\/wp-json\/wp\/v2\/pages"}],"about":[{"href":"https:\/\/www.cncag.ch\/de\/wp-json\/wp\/v2\/types\/page"}],"author":[{"embeddable":true,"href":"https:\/\/www.cncag.ch\/de\/wp-json\/wp\/v2\/users\/1"}],"replies":[{"embeddable":true,"href":"https:\/\/www.cncag.ch\/de\/wp-json\/wp\/v2\/comments?post=18"}],"version-history":[{"count":20,"href":"https:\/\/www.cncag.ch\/de\/wp-json\/wp\/v2\/pages\/18\/revisions"}],"predecessor-version":[{"id":645,"href":"https:\/\/www.cncag.ch\/de\/wp-json\/wp\/v2\/pages\/18\/revisions\/645"}],"wp:attachment":[{"href":"https:\/\/www.cncag.ch\/de\/wp-json\/wp\/v2\/media?parent=18"}],"curies":[{"name":"wp","href":"https:\/\/api.w.org\/{rel}","templated":true}]}}