{"id":782,"date":"2023-06-02T16:10:00","date_gmt":"2023-06-02T16:10:00","guid":{"rendered":"http:\/\/www.cncag.ch\/?page_id=782"},"modified":"2023-06-02T16:47:20","modified_gmt":"2023-06-02T16:47:20","slug":"team","status":"publish","type":"page","link":"https:\/\/www.cncag.ch\/de\/team\/","title":{"rendered":"Team"},"content":{"rendered":"\n<h2>Mit Herz f\u00fcr Sie im Einsatz<\/h2><br>\n\n\n\n<p>Eine grosse Leistungsbereitschaft und eine hohe Fach- und Sozialkompetenz sind kennzeichnend f\u00fcr unsere Mitarbeitenden. Unabh\u00e4ngig von ihrer Funktion organisieren sie ihr Aufgabengebiet flexibel und orientieren sich stets an den Bed\u00fcrfnissen unserer Kunden. So schaffen wir Mehrwert.<\/p><br>\n\n\n\n<p><\/p>\n\n\n\n<p><\/p>\n\n\n\n<p><\/p>\n\n\n<div class='rt-container-fluid rt-team-container rt-pos-r rt-team-container-763' id='rt-team-container-3634594261'  data-layout='carousel1' data-desktop-col='5'  data-tab-col='2'  data-mobile-col='1' data-sc-id='763' data-popup-bg=''><div data-title='Loading ...' class='rt-row rt-content-loader carousel1 ttp-even ttp-pre-loader'><div class=\"rt-carousel-holder swiper rttm-carousel-slider rt-pos-s top-nav has-dots no-nav\" data-options=\"{&quot;slidesPerView&quot;:5,&quot;slidesPerGroup&quot;:1,&quot;spaceBetween&quot;:0,&quot;speed&quot;:250,&quot;loop&quot;:true,&quot;autoHeight&quot;:false,&quot;rtl&quot;:false,&quot;preloadImages&quot;:false,&quot;lazy&quot;:true,&quot;breakpoints&quot;:{&quot;0&quot;:{&quot;slidesPerView&quot;:1,&quot;pagination&quot;:{&quot;dynamicBullets&quot;:true}},&quot;767&quot;:{&quot;slidesPerView&quot;:2,&quot;pagination&quot;:{&quot;dynamicBullets&quot;:false}},&quot;991&quot;:{&quot;slidesPerView&quot;:5}},&quot;autoplay&quot;:{&quot;delay&quot;:3000,&quot;pauseOnMouseEnter&quot;:false,&quot;disableOnInteraction&quot;:false}}\"  dir=\"ltr\"><div class=\"swiper-wrapper\"><div class=\"layout3 rt-col-md-12 rt-col-sm-12 rt-col-xs-12   rt-grid-item swiper-slide\" data-id=\"758\"><div class=\"single-team-area\"><figure><a class=\"\" data-id=\"758\" target=\"_self\" href=\"https:\/\/www.cncag.ch\/de\/team\/sybille-l-hochdorffer\/\"><img loading=\"lazy\" decoding=\"async\" width=\"657\" height=\"650\" src=\"https:\/\/www.cncag.ch\/wp-content\/uploads\/2016\/07\/sybille03.jpg\" class=\"img-responsive rt-team-img swiper-lazy\" alt=\"Inhaberin und Gesch\u00e4ftsleitung, Team Casa Nova Consulting AG\" \/><div class=\"swiper-lazy-preloader swiper-lazy-preloader\"><\/div><\/a><\/figure><div class=\"tlp-overlay1\"><h3><span class=\"team-name\"><a class=\"\" data-id=\"758\" target=\"_self\" title=\"Sybille L. Hochd\u00f6rffer\" href=\"https:\/\/www.cncag.ch\/de\/team\/sybille-l-hochdorffer\/\">Sybille L. Hochd\u00f6rffer<\/a><\/span><\/h3><div class=\"tlp-position\"><a class=\"\" data-id=\"758\" target=\"_self\" title=\"Sybille L. Hochd\u00f6rffer\" href=\"https:\/\/www.cncag.ch\/de\/team\/sybille-l-hochdorffer\/\">Inhaberin und Gesch\u00e4ftsleitung<\/a><\/div><\/div><\/div><\/div><div class=\"layout3 rt-col-md-12 rt-col-sm-12 rt-col-xs-12   rt-grid-item swiper-slide\" data-id=\"766\"><div class=\"single-team-area\"><figure><a class=\"\" data-id=\"766\" target=\"_self\" href=\"https:\/\/www.cncag.ch\/de\/team\/tra-mi-ngo-latsch\/\"><img loading=\"lazy\" decoding=\"async\" width=\"840\" height=\"840\" src=\"https:\/\/www.cncag.ch\/wp-content\/uploads\/2023\/02\/pic-1024x1024.jpeg\" class=\"img-responsive rt-team-img swiper-lazy\" alt=\"Tr\u00e0 Mi Ngo L\u00e4tsch\" \/><div class=\"swiper-lazy-preloader swiper-lazy-preloader\"><\/div><\/a><\/figure><div class=\"tlp-overlay1\"><h3><span class=\"team-name\"><a class=\"\" data-id=\"766\" target=\"_self\" title=\"Tr\u00e0 Mi Ngo L\u00e4tsch\" href=\"https:\/\/www.cncag.ch\/de\/team\/tra-mi-ngo-latsch\/\">Tr\u00e0 Mi Ngo L\u00e4tsch<\/a><\/span><\/h3><div class=\"tlp-position\"><a class=\"\" data-id=\"766\" target=\"_self\" title=\"Tr\u00e0 Mi Ngo L\u00e4tsch\" href=\"https:\/\/www.cncag.ch\/de\/team\/tra-mi-ngo-latsch\/\">CEO<\/a><\/div><\/div><\/div><\/div><div class=\"layout3 rt-col-md-12 rt-col-sm-12 rt-col-xs-12   rt-grid-item swiper-slide\" data-id=\"767\"><div class=\"single-team-area\"><figure><a class=\"\" data-id=\"767\" target=\"_self\" href=\"https:\/\/www.cncag.ch\/de\/team\/andre-richiger\/\"><img loading=\"lazy\" decoding=\"async\" width=\"650\" height=\"650\" src=\"https:\/\/www.cncag.ch\/wp-content\/uploads\/2023\/02\/Richiger_Andr\u00e9-1-1.jpg\" class=\"img-responsive rt-team-img swiper-lazy\" alt=\"Andr\u00e9 Richiger\" \/><div class=\"swiper-lazy-preloader swiper-lazy-preloader\"><\/div><\/a><\/figure><div class=\"tlp-overlay1\"><h3><span class=\"team-name\"><a class=\"\" data-id=\"767\" target=\"_self\" title=\"Andr\u00e9 Richiger\" href=\"https:\/\/www.cncag.ch\/de\/team\/andre-richiger\/\">Andr\u00e9 Richiger<\/a><\/span><\/h3><div class=\"tlp-position\"><a class=\"\" data-id=\"767\" target=\"_self\" title=\"Andr\u00e9 Richiger\" href=\"https:\/\/www.cncag.ch\/de\/team\/andre-richiger\/\">Accounting Manager<\/a><\/div><\/div><\/div><\/div><div class=\"layout3 rt-col-md-12 rt-col-sm-12 rt-col-xs-12   rt-grid-item swiper-slide\" data-id=\"768\"><div class=\"single-team-area\"><figure><a class=\"\" data-id=\"768\" target=\"_self\" href=\"https:\/\/www.cncag.ch\/de\/team\/blazenka-gavric\/\"><img loading=\"lazy\" decoding=\"async\" width=\"657\" height=\"650\" src=\"https:\/\/www.cncag.ch\/wp-content\/uploads\/2023\/02\/pic2.jpg\" class=\"img-responsive rt-team-img swiper-lazy\" alt=\"Bla\u017eenka Gavri\u0107\" \/><div class=\"swiper-lazy-preloader swiper-lazy-preloader\"><\/div><\/a><\/figure><div class=\"tlp-overlay1\"><h3><span class=\"team-name\"><a class=\"\" data-id=\"768\" target=\"_self\" title=\"Bla\u017eenka Gavri\u0107\" href=\"https:\/\/www.cncag.ch\/de\/team\/blazenka-gavric\/\">Bla\u017eenka Gavri\u0107<\/a><\/span><\/h3><div class=\"tlp-position\"><a class=\"\" data-id=\"768\" target=\"_self\" title=\"Bla\u017eenka Gavri\u0107\" href=\"https:\/\/www.cncag.ch\/de\/team\/blazenka-gavric\/\">Accountant<\/a><\/div><\/div><\/div><\/div><div class=\"layout3 rt-col-md-12 rt-col-sm-12 rt-col-xs-12   rt-grid-item swiper-slide\" data-id=\"769\"><div class=\"single-team-area\"><figure><a class=\"\" data-id=\"769\" target=\"_self\" href=\"https:\/\/www.cncag.ch\/de\/team\/jelena-lukic\/\"><img loading=\"lazy\" decoding=\"async\" width=\"840\" height=\"840\" src=\"https:\/\/www.cncag.ch\/wp-content\/uploads\/2023\/02\/jelena-1-1024x1024.jpg\" class=\"img-responsive rt-team-img swiper-lazy\" alt=\"Jelena Luki\u0107\" \/><div class=\"swiper-lazy-preloader swiper-lazy-preloader\"><\/div><\/a><\/figure><div class=\"tlp-overlay1\"><h3><span class=\"team-name\"><a class=\"\" data-id=\"769\" target=\"_self\" title=\"Jelena Luki\u0107\" href=\"https:\/\/www.cncag.ch\/de\/team\/jelena-lukic\/\">Jelena Luki\u0107<\/a><\/span><\/h3><div class=\"tlp-position\"><a class=\"\" data-id=\"769\" target=\"_self\" title=\"Jelena Luki\u0107\" href=\"https:\/\/www.cncag.ch\/de\/team\/jelena-lukic\/\">Accountant<\/a><\/div><\/div><\/div><\/div><\/div><div class=\"swiper-pagination rt-pos-s\"><\/div><\/div><div class=\"rt-loading-overlay\"><\/div><div class=\"rt-loading rt-ball-clip-rotate\"><div><\/div><\/div><\/div><\/div>","protected":false},"excerpt":{"rendered":"<p>Mit Herz f\u00fcr Sie im Einsatz Eine grosse Leistungsbereitschaft und eine hohe Fach- und Sozialkompetenz sind kennzeichnend f\u00fcr unsere Mitarbeitenden. Unabh\u00e4ngig von ihrer Funktion organisieren sie ihr Aufgabengebiet flexibel und orientieren sich stets an den Bed\u00fcrfnissen unserer Kunden. So schaffen wir Mehrwert.<\/p>\n","protected":false},"author":1,"featured_media":0,"parent":0,"menu_order":0,"comment_status":"closed","ping_status":"closed","template":"","meta":{"_acf_changed":false,"footnotes":""},"acf":[],"yoast_head":"<!-- This site is optimized with the Yoast SEO plugin v22.5 - https:\/\/yoast.com\/wordpress\/plugins\/seo\/ -->\n<title>Team - CNC<\/title>\n<meta name=\"robots\" content=\"index, follow, max-snippet:-1, max-image-preview:large, max-video-preview:-1\" \/>\n<link rel=\"canonical\" href=\"https:\/\/www.cncag.ch\/de\/team\/\" \/>\n<meta property=\"og:locale\" content=\"de_DE\" \/>\n<meta property=\"og:type\" content=\"article\" \/>\n<meta property=\"og:title\" content=\"Team - CNC\" \/>\n<meta property=\"og:description\" content=\"Mit Herz f\u00fcr Sie im Einsatz Eine grosse Leistungsbereitschaft und eine hohe Fach- und Sozialkompetenz sind kennzeichnend f\u00fcr unsere Mitarbeitenden. Unabh\u00e4ngig von ihrer Funktion organisieren sie ihr Aufgabengebiet flexibel und orientieren sich stets an den Bed\u00fcrfnissen unserer Kunden. So schaffen wir Mehrwert.\" \/>\n<meta property=\"og:url\" content=\"https:\/\/www.cncag.ch\/de\/team\/\" \/>\n<meta property=\"og:site_name\" content=\"CNC\" \/>\n<meta property=\"article:modified_time\" content=\"2023-06-02T16:47:20+00:00\" \/>\n<meta name=\"twitter:card\" content=\"summary_large_image\" \/>\n<meta name=\"twitter:label1\" content=\"Gesch\u00e4tzte Lesezeit\" \/>\n\t<meta name=\"twitter:data1\" content=\"1\u00a0Minute\" \/>\n<!-- \/ Yoast SEO plugin. -->","yoast_head_json":{"title":"Team - CNC","robots":{"index":"index","follow":"follow","max-snippet":"max-snippet:-1","max-image-preview":"max-image-preview:large","max-video-preview":"max-video-preview:-1"},"canonical":"https:\/\/www.cncag.ch\/de\/team\/","og_locale":"de_DE","og_type":"article","og_title":"Team - CNC","og_description":"Mit Herz f\u00fcr Sie im Einsatz Eine grosse Leistungsbereitschaft und eine hohe Fach- und Sozialkompetenz sind kennzeichnend f\u00fcr unsere Mitarbeitenden. Unabh\u00e4ngig von ihrer Funktion organisieren sie ihr Aufgabengebiet flexibel und orientieren sich stets an den Bed\u00fcrfnissen unserer Kunden. So schaffen wir Mehrwert.","og_url":"https:\/\/www.cncag.ch\/de\/team\/","og_site_name":"CNC","article_modified_time":"2023-06-02T16:47:20+00:00","twitter_card":"summary_large_image","twitter_misc":{"Gesch\u00e4tzte Lesezeit":"1\u00a0Minute"},"schema":{"@context":"https:\/\/schema.org","@graph":[{"@type":"WebPage","@id":"https:\/\/www.cncag.ch\/team\/","url":"https:\/\/www.cncag.ch\/team\/","name":"Team - CNC","isPartOf":{"@id":"https:\/\/www.cncag.ch\/de\/#website"},"datePublished":"2023-06-02T16:10:00+00:00","dateModified":"2023-06-02T16:47:20+00:00","breadcrumb":{"@id":"https:\/\/www.cncag.ch\/team\/#breadcrumb"},"inLanguage":"de","potentialAction":[{"@type":"ReadAction","target":["https:\/\/www.cncag.ch\/team\/"]}]},{"@type":"BreadcrumbList","@id":"https:\/\/www.cncag.ch\/team\/#breadcrumb","itemListElement":[{"@type":"ListItem","position":1,"name":"Home","item":"https:\/\/www.cncag.ch\/de\/"},{"@type":"ListItem","position":2,"name":"Team"}]},{"@type":"WebSite","@id":"https:\/\/www.cncag.ch\/de\/#website","url":"https:\/\/www.cncag.ch\/de\/","name":"CNC","description":"Internationale Finanzdienstleistungen aus einer Hand","potentialAction":[{"@type":"SearchAction","target":{"@type":"EntryPoint","urlTemplate":"https:\/\/www.cncag.ch\/de\/?s={search_term_string}"},"query-input":"required name=search_term_string"}],"inLanguage":"de"}]}},"_links":{"self":[{"href":"https:\/\/www.cncag.ch\/de\/wp-json\/wp\/v2\/pages\/782"}],"collection":[{"href":"https:\/\/www.cncag.ch\/de\/wp-json\/wp\/v2\/pages"}],"about":[{"href":"https:\/\/www.cncag.ch\/de\/wp-json\/wp\/v2\/types\/page"}],"author":[{"embeddable":true,"href":"https:\/\/www.cncag.ch\/de\/wp-json\/wp\/v2\/users\/1"}],"replies":[{"embeddable":true,"href":"https:\/\/www.cncag.ch\/de\/wp-json\/wp\/v2\/comments?post=782"}],"version-history":[{"count":14,"href":"https:\/\/www.cncag.ch\/de\/wp-json\/wp\/v2\/pages\/782\/revisions"}],"predecessor-version":[{"id":800,"href":"https:\/\/www.cncag.ch\/de\/wp-json\/wp\/v2\/pages\/782\/revisions\/800"}],"wp:attachment":[{"href":"https:\/\/www.cncag.ch\/de\/wp-json\/wp\/v2\/media?parent=782"}],"curies":[{"name":"wp","href":"https:\/\/api.w.org\/{rel}","templated":true}]}}