{"id":14,"date":"2016-07-16T21:04:10","date_gmt":"2016-07-16T21:04:10","guid":{"rendered":"http:\/\/www.cncag.ch\/?page_id=14"},"modified":"2023-06-02T16:50:54","modified_gmt":"2023-06-02T16:50:54","slug":"finanzdienstleistungen","status":"publish","type":"page","link":"https:\/\/www.cncag.ch\/en\/finanzdienstleistungen\/","title":{"rendered":"Financial services from a single source"},"content":{"rendered":"<p>Proximity and competence are regarded by Casa Nova Consulting AG as important prerequisites for a successful and sustainable customer relationship. But what exactly does proximity mean, and what does competence mean? And which aspects are particularly relevant?<\/p>","protected":false},"excerpt":{"rendered":"<p>Proximity and competence are regarded by Casa Nova Consulting AG as important prerequisites for a successful and sustainable customer relationship. But what exactly does proximity mean, and what does competence mean? And which aspects are particularly relevant?<\/p>","protected":false},"author":1,"featured_media":0,"parent":0,"menu_order":0,"comment_status":"closed","ping_status":"closed","template":"page-templates\/aboutPage.php","meta":{"_acf_changed":false,"footnotes":""},"acf":[],"yoast_head":"<!-- This site is optimized with the Yoast SEO plugin v22.5 - https:\/\/yoast.com\/wordpress\/plugins\/seo\/ -->\n<title>\u2714Steuern \u2714Buchhaltung \u2714Firmengr\u00fcndung - alles aus einem Haus<\/title>\n<meta name=\"description\" content=\"Sal\u00e4radministration, Jahresabschluss, Hauskauf und Steuererkl\u00e4rung - jedermanns Pflicht, unsere Passion: Finanzdienstleistungen der Casa Nova Consulting AG.\" \/>\n<meta name=\"robots\" content=\"index, follow, max-snippet:-1, max-image-preview:large, max-video-preview:-1\" \/>\n<link rel=\"canonical\" href=\"https:\/\/www.cncag.ch\/en\/finanzdienstleistungen\/\" \/>\n<meta property=\"og:locale\" content=\"en_GB\" \/>\n<meta property=\"og:type\" content=\"article\" \/>\n<meta property=\"og:title\" content=\"\u2714Steuern \u2714Buchhaltung \u2714Firmengr\u00fcndung - alles aus einem Haus\" \/>\n<meta property=\"og:description\" content=\"Sal\u00e4radministration, Jahresabschluss, Hauskauf und Steuererkl\u00e4rung - jedermanns Pflicht, unsere Passion: Finanzdienstleistungen der Casa Nova Consulting AG.\" \/>\n<meta property=\"og:url\" content=\"https:\/\/www.cncag.ch\/en\/finanzdienstleistungen\/\" \/>\n<meta property=\"og:site_name\" content=\"CNC\" \/>\n<meta property=\"article:modified_time\" content=\"2023-06-02T16:50:54+00:00\" \/>\n<meta name=\"twitter:card\" content=\"summary_large_image\" \/>\n<meta name=\"twitter:label1\" content=\"Estimated reading time\" \/>\n\t<meta name=\"twitter:data1\" content=\"1 minute\" \/>\n<!-- \/ Yoast SEO plugin. -->","yoast_head_json":{"title":"\u2714Steuern \u2714Buchhaltung \u2714Firmengr\u00fcndung - alles aus einem Haus","description":"Sal\u00e4radministration, Jahresabschluss, Hauskauf und Steuererkl\u00e4rung - jedermanns Pflicht, unsere Passion: Finanzdienstleistungen der Casa Nova Consulting AG.","robots":{"index":"index","follow":"follow","max-snippet":"max-snippet:-1","max-image-preview":"max-image-preview:large","max-video-preview":"max-video-preview:-1"},"canonical":"https:\/\/www.cncag.ch\/en\/finanzdienstleistungen\/","og_locale":"en_GB","og_type":"article","og_title":"\u2714Steuern \u2714Buchhaltung \u2714Firmengr\u00fcndung - alles aus einem Haus","og_description":"Sal\u00e4radministration, Jahresabschluss, Hauskauf und Steuererkl\u00e4rung - jedermanns Pflicht, unsere Passion: Finanzdienstleistungen der Casa Nova Consulting AG.","og_url":"https:\/\/www.cncag.ch\/en\/finanzdienstleistungen\/","og_site_name":"CNC","article_modified_time":"2023-06-02T16:50:54+00:00","twitter_card":"summary_large_image","twitter_misc":{"Estimated reading time":"1 minute"},"schema":{"@context":"https:\/\/schema.org","@graph":[{"@type":"WebPage","@id":"https:\/\/www.cncag.ch\/de\/finanzdienstleistungen\/","url":"https:\/\/www.cncag.ch\/de\/finanzdienstleistungen\/","name":"\u2714Steuern \u2714Buchhaltung \u2714Firmengr\u00fcndung - alles aus einem Haus","isPartOf":{"@id":"https:\/\/www.cncag.ch\/de\/#website"},"datePublished":"2016-07-16T21:04:10+00:00","dateModified":"2023-06-02T16:50:54+00:00","description":"Sal\u00e4radministration, Jahresabschluss, Hauskauf und Steuererkl\u00e4rung - jedermanns Pflicht, unsere Passion: Finanzdienstleistungen der Casa Nova Consulting AG.","breadcrumb":{"@id":"https:\/\/www.cncag.ch\/de\/finanzdienstleistungen\/#breadcrumb"},"inLanguage":"en-GB","potentialAction":[{"@type":"ReadAction","target":["https:\/\/www.cncag.ch\/de\/finanzdienstleistungen\/"]}]},{"@type":"BreadcrumbList","@id":"https:\/\/www.cncag.ch\/de\/finanzdienstleistungen\/#breadcrumb","itemListElement":[{"@type":"ListItem","position":1,"name":"Home","item":"https:\/\/www.cncag.ch\/de\/"},{"@type":"ListItem","position":2,"name":"Finanzdienstleistungen aus einem Haus"}]},{"@type":"WebSite","@id":"https:\/\/www.cncag.ch\/de\/#website","url":"https:\/\/www.cncag.ch\/de\/","name":"CNC","description":"Internationale Finanzdienstleistungen aus einer Hand","potentialAction":[{"@type":"SearchAction","target":{"@type":"EntryPoint","urlTemplate":"https:\/\/www.cncag.ch\/de\/?s={search_term_string}"},"query-input":"required name=search_term_string"}],"inLanguage":"en-GB"}]}},"_links":{"self":[{"href":"https:\/\/www.cncag.ch\/en\/wp-json\/wp\/v2\/pages\/14"}],"collection":[{"href":"https:\/\/www.cncag.ch\/en\/wp-json\/wp\/v2\/pages"}],"about":[{"href":"https:\/\/www.cncag.ch\/en\/wp-json\/wp\/v2\/types\/page"}],"author":[{"embeddable":true,"href":"https:\/\/www.cncag.ch\/en\/wp-json\/wp\/v2\/users\/1"}],"replies":[{"embeddable":true,"href":"https:\/\/www.cncag.ch\/en\/wp-json\/wp\/v2\/comments?post=14"}],"version-history":[{"count":116,"href":"https:\/\/www.cncag.ch\/en\/wp-json\/wp\/v2\/pages\/14\/revisions"}],"predecessor-version":[{"id":761,"href":"https:\/\/www.cncag.ch\/en\/wp-json\/wp\/v2\/pages\/14\/revisions\/761"}],"wp:attachment":[{"href":"https:\/\/www.cncag.ch\/en\/wp-json\/wp\/v2\/media?parent=14"}],"curies":[{"name":"wp","href":"https:\/\/api.w.org\/{rel}","templated":true}]}}