{"id":20,"date":"2016-07-16T21:05:24","date_gmt":"2016-07-16T21:05:24","guid":{"rendered":"http:\/\/www.cncag.ch\/?page_id=20"},"modified":"2016-07-22T07:09:54","modified_gmt":"2016-07-22T07:09:54","slug":"datenschutzregelung","status":"publish","type":"page","link":"https:\/\/www.cncag.ch\/en\/datenschutzregelung\/","title":{"rendered":"Privacy policy"},"content":{"rendered":"<h2>Trackingdaten<\/h2>\n<p>Zur Seitenoptimierung und zu Statistikzwecken erheben wir so genannte Trackingdaten, die Auskunft \u00fcber das Surfverhalten von Usern geben. Solche Trackingdaten lassen keinen R\u00fcckschluss auf einzelne User zu. Es sind aufgrund dieser Daten keine Personen bestimmbar. Diese Website benutzt Google Analytics, einen Webanalysedienst der Google Inc. (\u201eGoogle\u201c). Google Analytics verwendet sog. \u201eCookies\u201c, Textdateien, die auf Ihrem Computer gespeichert werden und die eine Analyse der Nutzung der Website durch Sie erm\u00f6glicht. Die durch den Cookie erzeugten Informationen \u00fcber Ihre Nutzung dieser Website (einschliesslich Ihrer IP-Adresse) wird an einen Server von Google in den USA \u00fcbertragen und dort gespeichert. Google wird diese Informationen benutzen, um Ihre Nutzung der Website auszuwerten, um Reports \u00fcber die Websiteaktivit\u00e4ten f\u00fcr die Websitebetreiber zusammenzustellen und um weitere mit der Websitenutzung und der Internetnutzung verbundene Dienstleistungen zu erbringen. Auch wird Google diese Informationen gegebenenfalls an Dritte \u00fcbertragen, sofern dies gesetzlich vorgeschrieben oder soweit Dritte diese Daten im Auftrag von Google verarbeiten. Google wird in keinem Fall Ihre IP-Adresse mit anderen Daten in Verbindung bringen. Sie k\u00f6nnen die Installation der Cookies durch eine entsprechende Einstellung Ihrer Browser Software verhindern; wir weisen Sie jedoch darauf hin, dass Sie in diesem Fall gegebenenfalls nicht s\u00e4mtliche Funktionen dieser Website vollumf\u00e4nglich nutzen k\u00f6nnen. Durch die Nutzung dieser Website erkl\u00e4ren Sie sich mit der Bearbeitung der \u00fcber Sie erhobenen Daten durch Google in der zuvor beschriebenen Art und Weise und zu dem zuvor benannten Zweck einverstanden.<\/p>\n<h2>\u00dcbermittlung von E-Newsletter und E-Mail<\/h2>\n<p>Wir weisen wir Sie darauf hin, dass die \u00dcbermittlung von E-Mails (Kontaktformulare) generell unverschl\u00fcsselt erfolgt und unter anderem das Risiko beinhaltet, dass solche Daten durch Drittpersonen abgefangen und eingesehen werden k\u00f6nnen.<\/p>\n<h2>Allgemein<\/h2>\n<p>Wenn Sie Fragen oder Kommentare zu unseren rechtlichen Hinweisen oder zum Datenschutz haben, nehmen Sie bitte mit uns <a href=\"https:\/\/www.cncag.ch\/en\/kontakt\/\">Please contact us<\/a> auf.<\/p>","protected":false},"excerpt":{"rendered":"<p>Trackingdaten Zur Seitenoptimierung und zu Statistikzwecken erheben wir so genannte Trackingdaten, die Auskunft \u00fcber das Surfverhalten von Usern geben. Solche Trackingdaten lassen keinen R\u00fcckschluss auf einzelne User zu. Es sind aufgrund dieser Daten keine Personen bestimmbar. Diese Website benutzt Google Analytics, einen Webanalysedienst der Google Inc. (\u201eGoogle\u201c). Google Analytics verwendet sog. \u201eCookies\u201c, Textdateien, die auf &hellip; <a href=\"https:\/\/www.cncag.ch\/en\/datenschutzregelung\/\" class=\"more-link\">Continue reading<span class=\"screen-reader-text\"> &#8222;Datenschutzregelung&#8220;<\/span><\/a><\/p>","protected":false},"author":1,"featured_media":0,"parent":0,"menu_order":0,"comment_status":"closed","ping_status":"closed","template":"","meta":{"_acf_changed":false,"footnotes":""},"acf":[],"yoast_head":"<!-- This site is optimized with the Yoast SEO plugin v22.5 - https:\/\/yoast.com\/wordpress\/plugins\/seo\/ -->\n<title>Datenschutzregelung - CNC<\/title>\n<meta name=\"robots\" content=\"index, follow, max-snippet:-1, max-image-preview:large, max-video-preview:-1\" \/>\n<link rel=\"canonical\" href=\"https:\/\/www.cncag.ch\/en\/datenschutzregelung\/\" \/>\n<meta property=\"og:locale\" content=\"en_GB\" \/>\n<meta property=\"og:type\" content=\"article\" \/>\n<meta property=\"og:title\" content=\"Datenschutzregelung - CNC\" \/>\n<meta property=\"og:description\" content=\"Trackingdaten Zur Seitenoptimierung und zu Statistikzwecken erheben wir so genannte Trackingdaten, die Auskunft \u00fcber das Surfverhalten von Usern geben. Solche Trackingdaten lassen keinen R\u00fcckschluss auf einzelne User zu. Es sind aufgrund dieser Daten keine Personen bestimmbar. Diese Website benutzt Google Analytics, einen Webanalysedienst der Google Inc. (\u201eGoogle\u201c). Google Analytics verwendet sog. \u201eCookies\u201c, Textdateien, die auf &hellip; Continue reading &quot;Datenschutzregelung&quot;\" \/>\n<meta property=\"og:url\" content=\"https:\/\/www.cncag.ch\/en\/datenschutzregelung\/\" \/>\n<meta property=\"og:site_name\" content=\"CNC\" \/>\n<meta property=\"article:modified_time\" content=\"2016-07-22T07:09:54+00:00\" \/>\n<meta name=\"twitter:card\" content=\"summary_large_image\" \/>\n<meta name=\"twitter:label1\" content=\"Estimated reading time\" \/>\n\t<meta name=\"twitter:data1\" content=\"2 minutes\" \/>\n<!-- \/ Yoast SEO plugin. -->","yoast_head_json":{"title":"Datenschutzregelung - CNC","robots":{"index":"index","follow":"follow","max-snippet":"max-snippet:-1","max-image-preview":"max-image-preview:large","max-video-preview":"max-video-preview:-1"},"canonical":"https:\/\/www.cncag.ch\/en\/datenschutzregelung\/","og_locale":"en_GB","og_type":"article","og_title":"Datenschutzregelung - CNC","og_description":"Trackingdaten Zur Seitenoptimierung und zu Statistikzwecken erheben wir so genannte Trackingdaten, die Auskunft \u00fcber das Surfverhalten von Usern geben. Solche Trackingdaten lassen keinen R\u00fcckschluss auf einzelne User zu. Es sind aufgrund dieser Daten keine Personen bestimmbar. Diese Website benutzt Google Analytics, einen Webanalysedienst der Google Inc. (\u201eGoogle\u201c). Google Analytics verwendet sog. \u201eCookies\u201c, Textdateien, die auf &hellip; Continue reading \"Datenschutzregelung\"","og_url":"https:\/\/www.cncag.ch\/en\/datenschutzregelung\/","og_site_name":"CNC","article_modified_time":"2016-07-22T07:09:54+00:00","twitter_card":"summary_large_image","twitter_misc":{"Estimated reading time":"2 minutes"},"schema":{"@context":"https:\/\/schema.org","@graph":[{"@type":"WebPage","@id":"https:\/\/www.cncag.ch\/datenschutzregelung\/","url":"https:\/\/www.cncag.ch\/datenschutzregelung\/","name":"Datenschutzregelung - CNC","isPartOf":{"@id":"https:\/\/www.cncag.ch\/de\/#website"},"datePublished":"2016-07-16T21:05:24+00:00","dateModified":"2016-07-22T07:09:54+00:00","breadcrumb":{"@id":"https:\/\/www.cncag.ch\/datenschutzregelung\/#breadcrumb"},"inLanguage":"en-GB","potentialAction":[{"@type":"ReadAction","target":["https:\/\/www.cncag.ch\/datenschutzregelung\/"]}]},{"@type":"BreadcrumbList","@id":"https:\/\/www.cncag.ch\/datenschutzregelung\/#breadcrumb","itemListElement":[{"@type":"ListItem","position":1,"name":"Home","item":"https:\/\/www.cncag.ch\/de\/"},{"@type":"ListItem","position":2,"name":"Datenschutzregelung"}]},{"@type":"WebSite","@id":"https:\/\/www.cncag.ch\/de\/#website","url":"https:\/\/www.cncag.ch\/de\/","name":"CNC","description":"Internationale Finanzdienstleistungen aus einer Hand","potentialAction":[{"@type":"SearchAction","target":{"@type":"EntryPoint","urlTemplate":"https:\/\/www.cncag.ch\/de\/?s={search_term_string}"},"query-input":"required name=search_term_string"}],"inLanguage":"en-GB"}]}},"_links":{"self":[{"href":"https:\/\/www.cncag.ch\/en\/wp-json\/wp\/v2\/pages\/20"}],"collection":[{"href":"https:\/\/www.cncag.ch\/en\/wp-json\/wp\/v2\/pages"}],"about":[{"href":"https:\/\/www.cncag.ch\/en\/wp-json\/wp\/v2\/types\/page"}],"author":[{"embeddable":true,"href":"https:\/\/www.cncag.ch\/en\/wp-json\/wp\/v2\/users\/1"}],"replies":[{"embeddable":true,"href":"https:\/\/www.cncag.ch\/en\/wp-json\/wp\/v2\/comments?post=20"}],"version-history":[{"count":7,"href":"https:\/\/www.cncag.ch\/en\/wp-json\/wp\/v2\/pages\/20\/revisions"}],"predecessor-version":[{"id":270,"href":"https:\/\/www.cncag.ch\/en\/wp-json\/wp\/v2\/pages\/20\/revisions\/270"}],"wp:attachment":[{"href":"https:\/\/www.cncag.ch\/en\/wp-json\/wp\/v2\/media?parent=20"}],"curies":[{"name":"wp","href":"https:\/\/api.w.org\/{rel}","templated":true}]}}